{"id":33666,"date":"2025-11-16T19:39:04","date_gmt":"2025-11-16T17:39:04","guid":{"rendered":"https:\/\/sonioo.com\/?post_type=product&#038;p=33666"},"modified":"2025-11-16T19:44:59","modified_gmt":"2025-11-16T17:44:59","slug":"braun-quadeblade-technology-2-in-1-500-watt-multipractic-3-chopper-white","status":"publish","type":"product","link":"https:\/\/sonioo.com\/en\/product\/braun-quadeblade-technology-2-in-1-500-watt-multipractic-3-chopper-white\/","title":{"rendered":"Braun QuadeBlade Technology 2-in-1 500 Watt MultiPractic 3 Chopper, White"},"content":{"rendered":"<h1 class=\"a-size-base-plus a-text-bold\">About this item<\/h1>\n<ul class=\"a-unordered-list a-vertical a-spacing-mini\">\n<li class=\"a-spacing-mini\"><span class=\"a-list-item\"> Made of high quality BPA free material <\/span><\/li>\n<li class=\"a-spacing-mini\"><span class=\"a-list-item\"> Features the advanced QuadBlade technology <\/span><\/li>\n<li class=\"a-spacing-mini\"><span class=\"a-list-item\"> Four layered stainless steel blades <\/span><\/li>\n<li class=\"a-spacing-mini\"><span class=\"a-list-item\"> The powerful motor will chop any ingredient <\/span><\/li>\n<li class=\"a-spacing-mini\"><span class=\"a-list-item\"> Makes your food preparation quick and easy <\/span><\/li>\n<li>\n<div class=\"a-divider a-divider-section\">\n<div class=\"a-divider-inner\"><\/div>\n<\/div>\n<h2 class=\"default\">Product description<\/h2>\n<div id=\"productDescription\" class=\"a-section a-spacing-small\">\n<p>Wir pr\u00e4sentieren den Braun Chopper CH3011, eine kulinarische Kraft, die Ihre K\u00fcche revolutionieren soll. Ausgestattet mit der QuadBlade-Technologie verf\u00fcgt dieses Ger\u00e4t \u00fcber vierschichtige Edelstahlklingen, die schnelle und pr\u00e4zise Schneidkapazit\u00e4ten bieten und Doppelklingensysteme \u00fcbertrifft und 25 % mehr Zutaten verarbeitet. Entspannen Sie sich in dem Wissen, dass alle Sch\u00fcsseln und Zubehrmaterialien, die mit Lebensmitteln in Kontakt kommen, BPA-frei sind und Ihre Gesundheit und Ihr Wohlbefinden im Vordergrund stehen. Mit seiner vielseitigen Dual-Speed-Funktionalit\u00e4t haben Sie die Flexibilit\u00e4t, die Mixleistung an Ihre kulinarischen Bed\u00fcrfnisse anzupassen. Zerkleinert Eis m\u00fchelos perfekt und verleiht Ihren Lieblingsgetr\u00e4nken einen erfrischenden Touch. Verarbeiten Sie die Zutaten nahtlos mit der ergonomischen One-Touch-Steuerung, die Ihre Kochaufgaben vereinfacht. Bei Nichtgebrauch sorgt das aufger\u00e4umte Kabel f\u00fcr eine ordentliche und organisierte K\u00fccheneinrichtung. Angetrieben von einem robusten 500-Watt-Motor und einem praktischen Fassungsvermgen von 500 ml bietet der Braun Chopper CH3011 auergewhnliche Leistung und Komfort f\u00fcr alle Ihre kulinarischen Abenteuer. Aktualisieren Sie Ihr Kocherlebnis mit diesem auergewhnlichen Ger\u00e4t noch heute.<\/p>\n<\/div>\n<\/li>\n<\/ul>\n","protected":false},"excerpt":{"rendered":"<h2>Product information<\/h2>\n<div class=\"a-row\">\n<div class=\"a-column a-span12 a-span-last\">\n<div class=\"a-row a-spacing-top-base\">\n<div class=\"a-column a-span6\">\n<div class=\"a-row a-spacing-base\">\n<div class=\"a-row a-expander-container a-expander-extend-container\">\n<div class=\"a-row\">\n<div class=\"a-column a-span6\">\n<h1 class=\"a-size-medium a-spacing-small\">Technical Details<\/h1>\n<\/div>\n<\/div>\n<div class=\"a-expander-content a-expander-extend-content\" data-expanded=\"true\">\n<div class=\"a-row a-expander-container a-expander-inline-container\">\n<div class=\"a-expander-content a-expander-section-content a-section-expander-inner\" data-expanded=\"true\">\n<table id=\"productDetails_techSpec_section_1\" class=\"a-keyvalue prodDetTable\">\n<tbody>\n<tr>\n<th class=\"a-color-secondary a-size-base prodDetSectionEntry\">Brand<\/th>\n<td class=\"a-size-base prodDetAttrValue\">\u200eBraun<\/td>\n<\/tr>\n<tr>\n<th class=\"a-color-secondary a-size-base prodDetSectionEntry\">Model Number<\/th>\n<td class=\"a-size-base prodDetAttrValue\">\u200eCH 3011 WH<\/td>\n<\/tr>\n<tr>\n<th class=\"a-color-secondary a-size-base prodDetSectionEntry\">Color<\/th>\n<td class=\"a-size-base prodDetAttrValue\">\u200ered<\/td>\n<\/tr>\n<tr>\n<th class=\"a-color-secondary a-size-base prodDetSectionEntry\">Package Dimensions<\/th>\n<td class=\"a-size-base prodDetAttrValue\">\u200e35.8 x 14.4 x 14 cm; 1.4 kg<\/td>\n<\/tr>\n<tr>\n<th class=\"a-color-secondary a-size-base prodDetSectionEntry\">Capacity<\/th>\n<td class=\"a-size-base prodDetAttrValue\">\u200e0.5 Liters<\/td>\n<\/tr>\n<tr>\n<th class=\"a-color-secondary a-size-base prodDetSectionEntry\">Power \/ Wattage<\/th>\n<td class=\"a-size-base prodDetAttrValue\">\u200e500 watts<\/td>\n<\/tr>\n<tr>\n<th class=\"a-color-secondary a-size-base prodDetSectionEntry\">Voltage<\/th>\n<td class=\"a-size-base prodDetAttrValue\">\u200e2.2E+2 Volts<\/td>\n<\/tr>\n<tr>\n<th class=\"a-color-secondary a-size-base prodDetSectionEntry\">Material<\/th>\n<td class=\"a-size-base prodDetAttrValue\">\u200eAlloy Steel<\/td>\n<\/tr>\n<tr>\n<th class=\"a-color-secondary a-size-base prodDetSectionEntry\">Number of Speeds<\/th>\n<td class=\"a-size-base prodDetAttrValue\">\u200e2<\/td>\n<\/tr>\n<tr>\n<th class=\"a-color-secondary a-size-base prodDetSectionEntry\">Special Features<\/th>\n<td class=\"a-size-base prodDetAttrValue\">\u200eNO, Safety Lock<\/td>\n<\/tr>\n<tr>\n<th class=\"a-color-secondary a-size-base prodDetSectionEntry\">Item Weight<\/th>\n<td class=\"a-size-base prodDetAttrValue\">\u200e1.4 Kilograms<\/td>\n<\/tr>\n<\/tbody>\n<\/table>\n<\/div>\n<\/div>\n<\/div>\n<\/div>\n<\/div>\n<\/div>\n<\/div>\n<\/div>\n<\/div>\n","protected":false},"featured_media":38201,"comment_status":"open","ping_status":"closed","template":"","meta":[],"product_brand":[677],"product_cat":[450],"product_tag":[],"class_list":{"0":"post-33666","1":"product","2":"type-product","3":"status-publish","4":"has-post-thumbnail","6":"product_brand-braun-en","7":"product_cat-choppers","8":"product_shipping_class-light-en","9":"pa_brands-braun","10":"pa_-international-guarantee-en","12":"first","13":"outofstock","14":"sale","15":"shipping-taxable","16":"purchasable","17":"product-type-simple"},"exclude_global_add_ons":[],"addons":[],"pure_taxonomies":{"product_brand":[{"term_id":677,"name":"Braun","slug":"braun-en","term_group":0,"term_taxonomy_id":677,"taxonomy":"product_brand","description":"","parent":0,"count":62,"filter":"raw","image":""}],"product_cat":[{"term_id":450,"name":"Choppers","slug":"choppers","term_group":0,"term_taxonomy_id":450,"taxonomy":"product_cat","description":"","parent":530,"count":27,"filter":"raw","image":""}],"product_shipping_class":[{"term_id":59,"name":"\u0634\u062d\u0646 \u062e\u0641\u064a\u0641","slug":"light-en","term_group":0,"term_taxonomy_id":59,"taxonomy":"product_shipping_class","description":"","parent":0,"count":844,"filter":"raw","image":""}],"pa_brands":[{"term_id":325,"name":"Braun","slug":"braun","term_group":0,"term_taxonomy_id":325,"taxonomy":"pa_brands","description":"","parent":0,"count":66,"filter":"raw","image":""}],"pa_\u0627\u0644\u0636\u0645\u0627\u0646":[{"term_id":203,"name":"International guarantee","slug":"international-guarantee-en","term_group":0,"term_taxonomy_id":203,"taxonomy":"pa_\u0627\u0644\u0636\u0645\u0627\u0646","description":"","parent":0,"count":432,"filter":"raw","image":""}]},"yoast_head":"<!-- This site is optimized with the Yoast SEO plugin v27.4 - https:\/\/yoast.com\/product\/yoast-seo-wordpress\/ -->\n<title>Braun QuadeBlade Technology 2-in-1 500 Watt MultiPractic 3 Chopper, White - sonioo.com<\/title>\n<meta name=\"robots\" content=\"index, follow, max-snippet:-1, max-image-preview:large, max-video-preview:-1\" \/>\n<link rel=\"canonical\" href=\"https:\/\/sonioo.com\/en\/product\/braun-quadeblade-technology-2-in-1-500-watt-multipractic-3-chopper-white\/\" \/>\n<meta property=\"og:locale\" content=\"en_US\" \/>\n<meta property=\"og:type\" content=\"article\" \/>\n<meta property=\"og:title\" content=\"Braun QuadeBlade Technology 2-in-1 500 Watt MultiPractic 3 Chopper, White - sonioo.com\" \/>\n<meta property=\"og:description\" content=\"Product information         Technical Details         Brand \u200eBraun   Model Number \u200eCH 3011 WH   Color \u200ered   Package Dimensions \u200e35.8 x 14.4 x 14 cm; 1.4 kg   Capacity \u200e0.5 Liters   Power \/ Wattage \u200e500 watts   Voltage \u200e2.2E+2 Volts   Material \u200eAlloy Steel   Number of Speeds \u200e2   Special Features \u200eNO, Safety Lock   Item Weight \u200e1.4 Kilograms\" \/>\n<meta property=\"og:url\" content=\"https:\/\/sonioo.com\/en\/product\/braun-quadeblade-technology-2-in-1-500-watt-multipractic-3-chopper-white\/\" \/>\n<meta property=\"og:site_name\" content=\"sonioo.com\" \/>\n<meta property=\"article:modified_time\" content=\"2025-11-16T17:44:59+00:00\" \/>\n<meta property=\"og:image\" content=\"https:\/\/sonioo.com\/wp-content\/uploads\/2025\/11\/15-4.png\" \/>\n\t<meta property=\"og:image:width\" content=\"1500\" \/>\n\t<meta property=\"og:image:height\" content=\"1500\" \/>\n\t<meta property=\"og:image:type\" content=\"image\/png\" \/>\n<meta name=\"twitter:card\" content=\"summary_large_image\" \/>\n<meta name=\"twitter:label1\" content=\"Est. reading time\" \/>\n\t<meta name=\"twitter:data1\" content=\"1 minute\" \/>\n<script type=\"application\/ld+json\" class=\"yoast-schema-graph\">{\"@context\":\"https:\\\/\\\/schema.org\",\"@graph\":[{\"@type\":\"WebPage\",\"@id\":\"https:\\\/\\\/sonioo.com\\\/en\\\/product\\\/braun-quadeblade-technology-2-in-1-500-watt-multipractic-3-chopper-white\\\/\",\"url\":\"https:\\\/\\\/sonioo.com\\\/en\\\/product\\\/braun-quadeblade-technology-2-in-1-500-watt-multipractic-3-chopper-white\\\/\",\"name\":\"Braun QuadeBlade Technology 2-in-1 500 Watt MultiPractic 3 Chopper, White - sonioo.com\",\"isPartOf\":{\"@id\":\"https:\\\/\\\/sonioo.com\\\/en\\\/#website\"},\"primaryImageOfPage\":{\"@id\":\"https:\\\/\\\/sonioo.com\\\/en\\\/product\\\/braun-quadeblade-technology-2-in-1-500-watt-multipractic-3-chopper-white\\\/#primaryimage\"},\"image\":{\"@id\":\"https:\\\/\\\/sonioo.com\\\/en\\\/product\\\/braun-quadeblade-technology-2-in-1-500-watt-multipractic-3-chopper-white\\\/#primaryimage\"},\"thumbnailUrl\":\"https:\\\/\\\/sonioo.com\\\/wp-content\\\/uploads\\\/2025\\\/11\\\/15-4.png\",\"datePublished\":\"2025-11-16T17:39:04+00:00\",\"dateModified\":\"2025-11-16T17:44:59+00:00\",\"breadcrumb\":{\"@id\":\"https:\\\/\\\/sonioo.com\\\/en\\\/product\\\/braun-quadeblade-technology-2-in-1-500-watt-multipractic-3-chopper-white\\\/#breadcrumb\"},\"inLanguage\":\"en-US\",\"potentialAction\":[{\"@type\":\"ReadAction\",\"target\":[\"https:\\\/\\\/sonioo.com\\\/en\\\/product\\\/braun-quadeblade-technology-2-in-1-500-watt-multipractic-3-chopper-white\\\/\"]}]},{\"@type\":\"ImageObject\",\"inLanguage\":\"en-US\",\"@id\":\"https:\\\/\\\/sonioo.com\\\/en\\\/product\\\/braun-quadeblade-technology-2-in-1-500-watt-multipractic-3-chopper-white\\\/#primaryimage\",\"url\":\"https:\\\/\\\/sonioo.com\\\/wp-content\\\/uploads\\\/2025\\\/11\\\/15-4.png\",\"contentUrl\":\"https:\\\/\\\/sonioo.com\\\/wp-content\\\/uploads\\\/2025\\\/11\\\/15-4.png\",\"width\":1500,\"height\":1500},{\"@type\":\"BreadcrumbList\",\"@id\":\"https:\\\/\\\/sonioo.com\\\/en\\\/product\\\/braun-quadeblade-technology-2-in-1-500-watt-multipractic-3-chopper-white\\\/#breadcrumb\",\"itemListElement\":[{\"@type\":\"ListItem\",\"position\":1,\"name\":\"Home\",\"item\":\"https:\\\/\\\/sonioo.com\\\/en\\\/\"},{\"@type\":\"ListItem\",\"position\":2,\"name\":\"Shop all\",\"item\":\"https:\\\/\\\/sonioo.com\\\/en\\\/shop-2\\\/\"},{\"@type\":\"ListItem\",\"position\":3,\"name\":\"Braun QuadeBlade Technology 2-in-1 500 Watt MultiPractic 3 Chopper, White\"}]},{\"@type\":\"WebSite\",\"@id\":\"https:\\\/\\\/sonioo.com\\\/en\\\/#website\",\"url\":\"https:\\\/\\\/sonioo.com\\\/en\\\/\",\"name\":\"sonioo.com\",\"description\":\"\u0643\u0644 \u0627\u0644\u0644\u064a \u0645\u062d\u062a\u0627\u062c\u0647 \u0628\u064a\u062a\u0643 \u0641\u064a \u0645\u0643\u0627\u0646 \u0648\u0627\u062d\u062f\",\"potentialAction\":[{\"@type\":\"SearchAction\",\"target\":{\"@type\":\"EntryPoint\",\"urlTemplate\":\"https:\\\/\\\/sonioo.com\\\/en\\\/?s={search_term_string}\"},\"query-input\":{\"@type\":\"PropertyValueSpecification\",\"valueRequired\":true,\"valueName\":\"search_term_string\"}}],\"inLanguage\":\"en-US\"}]}<\/script>\n<!-- \/ Yoast SEO plugin. -->","yoast_head_json":{"title":"Braun QuadeBlade Technology 2-in-1 500 Watt MultiPractic 3 Chopper, White - sonioo.com","robots":{"index":"index","follow":"follow","max-snippet":"max-snippet:-1","max-image-preview":"max-image-preview:large","max-video-preview":"max-video-preview:-1"},"canonical":"https:\/\/sonioo.com\/en\/product\/braun-quadeblade-technology-2-in-1-500-watt-multipractic-3-chopper-white\/","og_locale":"en_US","og_type":"article","og_title":"Braun QuadeBlade Technology 2-in-1 500 Watt MultiPractic 3 Chopper, White - sonioo.com","og_description":"Product information         Technical Details         Brand \u200eBraun   Model Number \u200eCH 3011 WH   Color \u200ered   Package Dimensions \u200e35.8 x 14.4 x 14 cm; 1.4 kg   Capacity \u200e0.5 Liters   Power \/ Wattage \u200e500 watts   Voltage \u200e2.2E+2 Volts   Material \u200eAlloy Steel   Number of Speeds \u200e2   Special Features \u200eNO, Safety Lock   Item Weight \u200e1.4 Kilograms","og_url":"https:\/\/sonioo.com\/en\/product\/braun-quadeblade-technology-2-in-1-500-watt-multipractic-3-chopper-white\/","og_site_name":"sonioo.com","article_modified_time":"2025-11-16T17:44:59+00:00","og_image":[{"width":1500,"height":1500,"url":"https:\/\/sonioo.com\/wp-content\/uploads\/2025\/11\/15-4.png","type":"image\/png"}],"twitter_card":"summary_large_image","twitter_misc":{"Est. reading time":"1 minute"},"schema":{"@context":"https:\/\/schema.org","@graph":[{"@type":"WebPage","@id":"https:\/\/sonioo.com\/en\/product\/braun-quadeblade-technology-2-in-1-500-watt-multipractic-3-chopper-white\/","url":"https:\/\/sonioo.com\/en\/product\/braun-quadeblade-technology-2-in-1-500-watt-multipractic-3-chopper-white\/","name":"Braun QuadeBlade Technology 2-in-1 500 Watt MultiPractic 3 Chopper, White - sonioo.com","isPartOf":{"@id":"https:\/\/sonioo.com\/en\/#website"},"primaryImageOfPage":{"@id":"https:\/\/sonioo.com\/en\/product\/braun-quadeblade-technology-2-in-1-500-watt-multipractic-3-chopper-white\/#primaryimage"},"image":{"@id":"https:\/\/sonioo.com\/en\/product\/braun-quadeblade-technology-2-in-1-500-watt-multipractic-3-chopper-white\/#primaryimage"},"thumbnailUrl":"https:\/\/sonioo.com\/wp-content\/uploads\/2025\/11\/15-4.png","datePublished":"2025-11-16T17:39:04+00:00","dateModified":"2025-11-16T17:44:59+00:00","breadcrumb":{"@id":"https:\/\/sonioo.com\/en\/product\/braun-quadeblade-technology-2-in-1-500-watt-multipractic-3-chopper-white\/#breadcrumb"},"inLanguage":"en-US","potentialAction":[{"@type":"ReadAction","target":["https:\/\/sonioo.com\/en\/product\/braun-quadeblade-technology-2-in-1-500-watt-multipractic-3-chopper-white\/"]}]},{"@type":"ImageObject","inLanguage":"en-US","@id":"https:\/\/sonioo.com\/en\/product\/braun-quadeblade-technology-2-in-1-500-watt-multipractic-3-chopper-white\/#primaryimage","url":"https:\/\/sonioo.com\/wp-content\/uploads\/2025\/11\/15-4.png","contentUrl":"https:\/\/sonioo.com\/wp-content\/uploads\/2025\/11\/15-4.png","width":1500,"height":1500},{"@type":"BreadcrumbList","@id":"https:\/\/sonioo.com\/en\/product\/braun-quadeblade-technology-2-in-1-500-watt-multipractic-3-chopper-white\/#breadcrumb","itemListElement":[{"@type":"ListItem","position":1,"name":"Home","item":"https:\/\/sonioo.com\/en\/"},{"@type":"ListItem","position":2,"name":"Shop all","item":"https:\/\/sonioo.com\/en\/shop-2\/"},{"@type":"ListItem","position":3,"name":"Braun QuadeBlade Technology 2-in-1 500 Watt MultiPractic 3 Chopper, White"}]},{"@type":"WebSite","@id":"https:\/\/sonioo.com\/en\/#website","url":"https:\/\/sonioo.com\/en\/","name":"sonioo.com","description":"\u0643\u0644 \u0627\u0644\u0644\u064a \u0645\u062d\u062a\u0627\u062c\u0647 \u0628\u064a\u062a\u0643 \u0641\u064a \u0645\u0643\u0627\u0646 \u0648\u0627\u062d\u062f","potentialAction":[{"@type":"SearchAction","target":{"@type":"EntryPoint","urlTemplate":"https:\/\/sonioo.com\/en\/?s={search_term_string}"},"query-input":{"@type":"PropertyValueSpecification","valueRequired":true,"valueName":"search_term_string"}}],"inLanguage":"en-US"}]}},"_links":{"self":[{"href":"https:\/\/sonioo.com\/en\/wp-json\/wp\/v2\/product\/33666","targetHints":{"allow":["GET"]}}],"collection":[{"href":"https:\/\/sonioo.com\/en\/wp-json\/wp\/v2\/product"}],"about":[{"href":"https:\/\/sonioo.com\/en\/wp-json\/wp\/v2\/types\/product"}],"replies":[{"embeddable":true,"href":"https:\/\/sonioo.com\/en\/wp-json\/wp\/v2\/comments?post=33666"}],"version-history":[{"count":1,"href":"https:\/\/sonioo.com\/en\/wp-json\/wp\/v2\/product\/33666\/revisions"}],"predecessor-version":[{"id":33667,"href":"https:\/\/sonioo.com\/en\/wp-json\/wp\/v2\/product\/33666\/revisions\/33667"}],"wp:featuredmedia":[{"embeddable":true,"href":"https:\/\/sonioo.com\/en\/wp-json\/wp\/v2\/media\/38201"}],"wp:attachment":[{"href":"https:\/\/sonioo.com\/en\/wp-json\/wp\/v2\/media?parent=33666"}],"wp:term":[{"taxonomy":"product_brand","embeddable":true,"href":"https:\/\/sonioo.com\/en\/wp-json\/wp\/v2\/product_brand?post=33666"},{"taxonomy":"product_cat","embeddable":true,"href":"https:\/\/sonioo.com\/en\/wp-json\/wp\/v2\/product_cat?post=33666"},{"taxonomy":"product_tag","embeddable":true,"href":"https:\/\/sonioo.com\/en\/wp-json\/wp\/v2\/product_tag?post=33666"}],"curies":[{"name":"wp","href":"https:\/\/api.w.org\/{rel}","templated":true}]}}