{"id":34110,"date":"2025-11-18T17:33:05","date_gmt":"2025-11-18T15:33:05","guid":{"rendered":"https:\/\/sonioo.com\/?post_type=product&#038;p=34110"},"modified":"2025-11-18T17:35:41","modified_gmt":"2025-11-18T15:35:41","slug":"braun-citrusquick-5-cj-5050-direct-citrus-juicer-drip-proof-spout-automatic-start-stop-easy-to-clean-direct-service-system-with-protective-cover-60-w-black","status":"publish","type":"product","link":"https:\/\/sonioo.com\/en\/product\/braun-citrusquick-5-cj-5050-direct-citrus-juicer-drip-proof-spout-automatic-start-stop-easy-to-clean-direct-service-system-with-protective-cover-60-w-black\/","title":{"rendered":"Braun CitrusQuick 5 CJ 5050, Direct Citrus Juicer, Drip-Proof Spout, Automatic Start\/Stop, Easy to Clean, Direct Service System, with Protective Cover, 60 W, Black"},"content":{"rendered":"<h1 class=\"a-size-base-plus a-text-bold\">About this item<\/h1>\n<ul class=\"a-unordered-list a-vertical a-spacing-mini\">\n<li class=\"a-spacing-mini\"><span class=\"a-list-item\"> XL fit design: The high spout is designed to conveniently fit tall glasses up to 14 cm and allows juicing bigger quantities at a time. <\/span><\/li>\n<li class=\"a-spacing-mini\"><span class=\"a-list-item\"> Start &amp; Stop Technology: No additional buttons \u2013 easy handling by simply pressing down the fruit to start and lifting it off to stop. <\/span><\/li>\n<li class=\"a-spacing-mini\"><span class=\"a-list-item\"> Direct serve system: Juice into the foam separator jug or directly into your glass. <\/span><\/li>\n<li class=\"a-spacing-mini\"><span class=\"a-list-item\"> Universal presscone: Universal presscone that accommodates both small and large citrus fruits for top juicing results. <\/span><\/li>\n<li>\n<div class=\"a-divider a-divider-section\">\n<div class=\"a-divider-inner\"><\/div>\n<\/div>\n<h2 class=\"default\">Product description<\/h2>\n<div id=\"productDescription\" class=\"a-section a-spacing-small\">\n<p>Die CitrusQuick 5 Zitruspresse zeichnet sich durch ihr XL-Design aus. Der hohe Auslauf ist so konzipiert, dass er bequem auch f\u00fcr hohe Gl\u00e4ser bis zu 14 cm geeignet ist und so das Entsaften von groen Mengen ermglicht. Die Zitruspresse hat eine Leistung von 60 Watt und entsaftet somit im Handumdrehen Orangen oder Zitronen. Perfekt geeignet f\u00fcr den gesunden Start in den Tag. Um den Vorgang zu starten m\u00fcssen Sie einfach nur den Kegel nach unten dr\u00fccken. Sobald Sie keinen Druck mehr auf den Kegel aus\u00fcben, stoppt das Ger\u00e4t. Um ein Nachlaufen oder Nachtropfen von Saft zu verhindern l\u00e4sst sich der Ausguss nach oben klappen. Somit bleibt Ihre K\u00fcche sauber. Alle Teile, die sich um Motorsockel entfernen lassen, sind geeignet f\u00fcr die Sp\u00fclmaschine. Somit Sparen Sie Zeit bei der Reinigung. Das Ger\u00e4t ist aus weiem oder schwarzem Kunststoff und hat eine Kabell\u00e4nge von einem Meter. Alle Teile, die mit Lebensmitteln in Ber\u00fchrung zu kommen, sind zudem BPA-frei.<\/p>\n<\/div>\n<\/li>\n<\/ul>\n","protected":false},"excerpt":{"rendered":"<h2>Product information<\/h2>\n<div class=\"a-row\">\n<div class=\"a-column a-span12 a-span-last\">\n<div class=\"a-row a-spacing-top-base\">\n<div class=\"a-column a-span6\">\n<div class=\"a-row a-spacing-base\">\n<div class=\"a-row a-expander-container a-expander-extend-container\">\n<div class=\"a-row\">\n<div class=\"a-column a-span6\">\n<h1 class=\"a-size-medium a-spacing-small\">Technical Details<\/h1>\n<\/div>\n<\/div>\n<div class=\"a-expander-content a-expander-extend-content\" data-expanded=\"true\">\n<div class=\"a-row a-expander-container a-expander-inline-container\">\n<div class=\"a-expander-content a-expander-section-content a-section-expander-inner\" data-expanded=\"true\">\n<table id=\"productDetails_techSpec_section_1\" class=\"a-keyvalue prodDetTable\">\n<tbody>\n<tr>\n<th class=\"a-color-secondary a-size-base prodDetSectionEntry\">Brand<\/th>\n<td class=\"a-size-base prodDetAttrValue\">\u200eBraun<\/td>\n<\/tr>\n<tr>\n<th class=\"a-color-secondary a-size-base prodDetSectionEntry\">Model Number<\/th>\n<td class=\"a-size-base prodDetAttrValue\">\u200eCJ5050BK<\/td>\n<\/tr>\n<tr>\n<th class=\"a-color-secondary a-size-base prodDetSectionEntry\">Color<\/th>\n<td class=\"a-size-base prodDetAttrValue\">\u200eblackone<\/td>\n<\/tr>\n<tr>\n<th class=\"a-color-secondary a-size-base prodDetSectionEntry\">Package Dimensions<\/th>\n<td class=\"a-size-base prodDetAttrValue\">\u200e30.1 x 17.1 x 16.8 cm; 1.6 kg<\/td>\n<\/tr>\n<tr>\n<th class=\"a-color-secondary a-size-base prodDetSectionEntry\">Power \/ Wattage<\/th>\n<td class=\"a-size-base prodDetAttrValue\">\u200e60 watts<\/td>\n<\/tr>\n<tr>\n<th class=\"a-color-secondary a-size-base prodDetSectionEntry\">Voltage<\/th>\n<td class=\"a-size-base prodDetAttrValue\">\u200e240 Volts<\/td>\n<\/tr>\n<tr>\n<th class=\"a-color-secondary a-size-base prodDetSectionEntry\">Material<\/th>\n<td class=\"a-size-base prodDetAttrValue\">\u200eStainless Steel<\/td>\n<\/tr>\n<tr>\n<th class=\"a-color-secondary a-size-base prodDetSectionEntry\">Number of Speeds<\/th>\n<td class=\"a-size-base prodDetAttrValue\">\u200e2<\/td>\n<\/tr>\n<tr>\n<th class=\"a-color-secondary a-size-base prodDetSectionEntry\">Special Features<\/th>\n<td class=\"a-size-base prodDetAttrValue\">\u200eEasy to Clean<\/td>\n<\/tr>\n<tr>\n<th class=\"a-color-secondary a-size-base prodDetSectionEntry\">Item Weight<\/th>\n<td class=\"a-size-base prodDetAttrValue\">\u200e1.6 Kilograms<\/td>\n<\/tr>\n<\/tbody>\n<\/table>\n<\/div>\n<\/div>\n<\/div>\n<\/div>\n<\/div>\n<\/div>\n<\/div>\n<\/div>\n<\/div>\n","protected":false},"featured_media":34108,"comment_status":"open","ping_status":"closed","template":"","meta":[],"product_brand":[677],"product_cat":[221],"product_tag":[],"class_list":{"0":"post-34110","1":"product","2":"type-product","3":"status-publish","4":"has-post-thumbnail","6":"product_brand-braun-en","7":"product_cat-fruit-juicers","8":"product_shipping_class-light-en","9":"pa_brands-braun","10":"pa_-international-guarantee-en","12":"first","13":"outofstock","14":"sale","15":"shipping-taxable","16":"purchasable","17":"product-type-simple"},"exclude_global_add_ons":[],"addons":[],"pure_taxonomies":{"product_brand":[{"term_id":677,"name":"Braun","slug":"braun-en","term_group":0,"term_taxonomy_id":677,"taxonomy":"product_brand","description":"","parent":0,"count":62,"filter":"raw","image":""}],"product_cat":[{"term_id":221,"name":"Fruit juicers","slug":"fruit-juicers","term_group":0,"term_taxonomy_id":221,"taxonomy":"product_cat","description":"","parent":530,"count":20,"filter":"raw","image":""}],"product_shipping_class":[{"term_id":59,"name":"\u0634\u062d\u0646 \u062e\u0641\u064a\u0641","slug":"light-en","term_group":0,"term_taxonomy_id":59,"taxonomy":"product_shipping_class","description":"","parent":0,"count":844,"filter":"raw","image":""}],"pa_brands":[{"term_id":325,"name":"Braun","slug":"braun","term_group":0,"term_taxonomy_id":325,"taxonomy":"pa_brands","description":"","parent":0,"count":66,"filter":"raw","image":""}],"pa_\u0627\u0644\u0636\u0645\u0627\u0646":[{"term_id":203,"name":"International guarantee","slug":"international-guarantee-en","term_group":0,"term_taxonomy_id":203,"taxonomy":"pa_\u0627\u0644\u0636\u0645\u0627\u0646","description":"","parent":0,"count":432,"filter":"raw","image":""}]},"yoast_head":"<!-- This site is optimized with the Yoast SEO plugin v27.4 - https:\/\/yoast.com\/product\/yoast-seo-wordpress\/ -->\n<title>Braun CitrusQuick 5 CJ 5050, Direct Citrus Juicer, Drip-Proof Spout, Automatic Start\/Stop, Easy to Clean, Direct Service System, with Protective Cover, 60 W, Black - sonioo.com<\/title>\n<meta name=\"robots\" content=\"index, follow, max-snippet:-1, max-image-preview:large, max-video-preview:-1\" \/>\n<link rel=\"canonical\" href=\"https:\/\/sonioo.com\/en\/product\/braun-citrusquick-5-cj-5050-direct-citrus-juicer-drip-proof-spout-automatic-start-stop-easy-to-clean-direct-service-system-with-protective-cover-60-w-black\/\" \/>\n<meta property=\"og:locale\" content=\"en_US\" \/>\n<meta property=\"og:type\" content=\"article\" \/>\n<meta property=\"og:title\" content=\"Braun CitrusQuick 5 CJ 5050, Direct Citrus Juicer, Drip-Proof Spout, Automatic Start\/Stop, Easy to Clean, Direct Service System, with Protective Cover, 60 W, Black - sonioo.com\" \/>\n<meta property=\"og:description\" content=\"Product information         Technical Details         Brand \u200eBraun   Model Number \u200eCJ5050BK   Color \u200eblackone   Package Dimensions \u200e30.1 x 17.1 x 16.8 cm; 1.6 kg   Power \/ Wattage \u200e60 watts   Voltage \u200e240 Volts   Material \u200eStainless Steel   Number of Speeds \u200e2   Special Features \u200eEasy to Clean   Item Weight \u200e1.6 Kilograms\" \/>\n<meta property=\"og:url\" content=\"https:\/\/sonioo.com\/en\/product\/braun-citrusquick-5-cj-5050-direct-citrus-juicer-drip-proof-spout-automatic-start-stop-easy-to-clean-direct-service-system-with-protective-cover-60-w-black\/\" \/>\n<meta property=\"og:site_name\" content=\"sonioo.com\" \/>\n<meta property=\"article:modified_time\" content=\"2025-11-18T15:35:41+00:00\" \/>\n<meta property=\"og:image\" content=\"https:\/\/sonioo.com\/wp-content\/uploads\/2025\/11\/\u062a\u0635\u0645\u064a\u0645-\u0628\u062f\u0648\u0646-\u0639\u0646\u0648\u0627\u0646-56.png\" \/>\n\t<meta property=\"og:image:width\" content=\"1500\" \/>\n\t<meta property=\"og:image:height\" content=\"1500\" \/>\n\t<meta property=\"og:image:type\" content=\"image\/png\" \/>\n<meta name=\"twitter:card\" content=\"summary_large_image\" \/>\n<meta name=\"twitter:label1\" content=\"Est. reading time\" \/>\n\t<meta name=\"twitter:data1\" content=\"1 minute\" \/>\n<script type=\"application\/ld+json\" class=\"yoast-schema-graph\">{\"@context\":\"https:\\\/\\\/schema.org\",\"@graph\":[{\"@type\":\"WebPage\",\"@id\":\"https:\\\/\\\/sonioo.com\\\/en\\\/product\\\/braun-citrusquick-5-cj-5050-direct-citrus-juicer-drip-proof-spout-automatic-start-stop-easy-to-clean-direct-service-system-with-protective-cover-60-w-black\\\/\",\"url\":\"https:\\\/\\\/sonioo.com\\\/en\\\/product\\\/braun-citrusquick-5-cj-5050-direct-citrus-juicer-drip-proof-spout-automatic-start-stop-easy-to-clean-direct-service-system-with-protective-cover-60-w-black\\\/\",\"name\":\"Braun CitrusQuick 5 CJ 5050, Direct Citrus Juicer, Drip-Proof Spout, Automatic Start\\\/Stop, Easy to Clean, Direct Service System, with Protective Cover, 60 W, Black - sonioo.com\",\"isPartOf\":{\"@id\":\"https:\\\/\\\/sonioo.com\\\/en\\\/#website\"},\"primaryImageOfPage\":{\"@id\":\"https:\\\/\\\/sonioo.com\\\/en\\\/product\\\/braun-citrusquick-5-cj-5050-direct-citrus-juicer-drip-proof-spout-automatic-start-stop-easy-to-clean-direct-service-system-with-protective-cover-60-w-black\\\/#primaryimage\"},\"image\":{\"@id\":\"https:\\\/\\\/sonioo.com\\\/en\\\/product\\\/braun-citrusquick-5-cj-5050-direct-citrus-juicer-drip-proof-spout-automatic-start-stop-easy-to-clean-direct-service-system-with-protective-cover-60-w-black\\\/#primaryimage\"},\"thumbnailUrl\":\"https:\\\/\\\/sonioo.com\\\/wp-content\\\/uploads\\\/2025\\\/11\\\/\u062a\u0635\u0645\u064a\u0645-\u0628\u062f\u0648\u0646-\u0639\u0646\u0648\u0627\u0646-56.png\",\"datePublished\":\"2025-11-18T15:33:05+00:00\",\"dateModified\":\"2025-11-18T15:35:41+00:00\",\"breadcrumb\":{\"@id\":\"https:\\\/\\\/sonioo.com\\\/en\\\/product\\\/braun-citrusquick-5-cj-5050-direct-citrus-juicer-drip-proof-spout-automatic-start-stop-easy-to-clean-direct-service-system-with-protective-cover-60-w-black\\\/#breadcrumb\"},\"inLanguage\":\"en-US\",\"potentialAction\":[{\"@type\":\"ReadAction\",\"target\":[\"https:\\\/\\\/sonioo.com\\\/en\\\/product\\\/braun-citrusquick-5-cj-5050-direct-citrus-juicer-drip-proof-spout-automatic-start-stop-easy-to-clean-direct-service-system-with-protective-cover-60-w-black\\\/\"]}]},{\"@type\":\"ImageObject\",\"inLanguage\":\"en-US\",\"@id\":\"https:\\\/\\\/sonioo.com\\\/en\\\/product\\\/braun-citrusquick-5-cj-5050-direct-citrus-juicer-drip-proof-spout-automatic-start-stop-easy-to-clean-direct-service-system-with-protective-cover-60-w-black\\\/#primaryimage\",\"url\":\"https:\\\/\\\/sonioo.com\\\/wp-content\\\/uploads\\\/2025\\\/11\\\/\u062a\u0635\u0645\u064a\u0645-\u0628\u062f\u0648\u0646-\u0639\u0646\u0648\u0627\u0646-56.png\",\"contentUrl\":\"https:\\\/\\\/sonioo.com\\\/wp-content\\\/uploads\\\/2025\\\/11\\\/\u062a\u0635\u0645\u064a\u0645-\u0628\u062f\u0648\u0646-\u0639\u0646\u0648\u0627\u0646-56.png\",\"width\":1500,\"height\":1500},{\"@type\":\"BreadcrumbList\",\"@id\":\"https:\\\/\\\/sonioo.com\\\/en\\\/product\\\/braun-citrusquick-5-cj-5050-direct-citrus-juicer-drip-proof-spout-automatic-start-stop-easy-to-clean-direct-service-system-with-protective-cover-60-w-black\\\/#breadcrumb\",\"itemListElement\":[{\"@type\":\"ListItem\",\"position\":1,\"name\":\"Home\",\"item\":\"https:\\\/\\\/sonioo.com\\\/en\\\/\"},{\"@type\":\"ListItem\",\"position\":2,\"name\":\"Shop all\",\"item\":\"https:\\\/\\\/sonioo.com\\\/en\\\/shop-2\\\/\"},{\"@type\":\"ListItem\",\"position\":3,\"name\":\"Braun CitrusQuick 5 CJ 5050, Direct Citrus Juicer, Drip-Proof Spout, Automatic Start\\\/Stop, Easy to Clean, Direct Service System, with Protective Cover, 60 W, Black\"}]},{\"@type\":\"WebSite\",\"@id\":\"https:\\\/\\\/sonioo.com\\\/en\\\/#website\",\"url\":\"https:\\\/\\\/sonioo.com\\\/en\\\/\",\"name\":\"sonioo.com\",\"description\":\"\u0643\u0644 \u0627\u0644\u0644\u064a \u0645\u062d\u062a\u0627\u062c\u0647 \u0628\u064a\u062a\u0643 \u0641\u064a \u0645\u0643\u0627\u0646 \u0648\u0627\u062d\u062f\",\"potentialAction\":[{\"@type\":\"SearchAction\",\"target\":{\"@type\":\"EntryPoint\",\"urlTemplate\":\"https:\\\/\\\/sonioo.com\\\/en\\\/?s={search_term_string}\"},\"query-input\":{\"@type\":\"PropertyValueSpecification\",\"valueRequired\":true,\"valueName\":\"search_term_string\"}}],\"inLanguage\":\"en-US\"}]}<\/script>\n<!-- \/ Yoast SEO plugin. -->","yoast_head_json":{"title":"Braun CitrusQuick 5 CJ 5050, Direct Citrus Juicer, Drip-Proof Spout, Automatic Start\/Stop, Easy to Clean, Direct Service System, with Protective Cover, 60 W, Black - sonioo.com","robots":{"index":"index","follow":"follow","max-snippet":"max-snippet:-1","max-image-preview":"max-image-preview:large","max-video-preview":"max-video-preview:-1"},"canonical":"https:\/\/sonioo.com\/en\/product\/braun-citrusquick-5-cj-5050-direct-citrus-juicer-drip-proof-spout-automatic-start-stop-easy-to-clean-direct-service-system-with-protective-cover-60-w-black\/","og_locale":"en_US","og_type":"article","og_title":"Braun CitrusQuick 5 CJ 5050, Direct Citrus Juicer, Drip-Proof Spout, Automatic Start\/Stop, Easy to Clean, Direct Service System, with Protective Cover, 60 W, Black - sonioo.com","og_description":"Product information         Technical Details         Brand \u200eBraun   Model Number \u200eCJ5050BK   Color \u200eblackone   Package Dimensions \u200e30.1 x 17.1 x 16.8 cm; 1.6 kg   Power \/ Wattage \u200e60 watts   Voltage \u200e240 Volts   Material \u200eStainless Steel   Number of Speeds \u200e2   Special Features \u200eEasy to Clean   Item Weight \u200e1.6 Kilograms","og_url":"https:\/\/sonioo.com\/en\/product\/braun-citrusquick-5-cj-5050-direct-citrus-juicer-drip-proof-spout-automatic-start-stop-easy-to-clean-direct-service-system-with-protective-cover-60-w-black\/","og_site_name":"sonioo.com","article_modified_time":"2025-11-18T15:35:41+00:00","og_image":[{"width":1500,"height":1500,"url":"https:\/\/sonioo.com\/wp-content\/uploads\/2025\/11\/\u062a\u0635\u0645\u064a\u0645-\u0628\u062f\u0648\u0646-\u0639\u0646\u0648\u0627\u0646-56.png","type":"image\/png"}],"twitter_card":"summary_large_image","twitter_misc":{"Est. reading time":"1 minute"},"schema":{"@context":"https:\/\/schema.org","@graph":[{"@type":"WebPage","@id":"https:\/\/sonioo.com\/en\/product\/braun-citrusquick-5-cj-5050-direct-citrus-juicer-drip-proof-spout-automatic-start-stop-easy-to-clean-direct-service-system-with-protective-cover-60-w-black\/","url":"https:\/\/sonioo.com\/en\/product\/braun-citrusquick-5-cj-5050-direct-citrus-juicer-drip-proof-spout-automatic-start-stop-easy-to-clean-direct-service-system-with-protective-cover-60-w-black\/","name":"Braun CitrusQuick 5 CJ 5050, Direct Citrus Juicer, Drip-Proof Spout, Automatic Start\/Stop, Easy to Clean, Direct Service System, with Protective Cover, 60 W, Black - sonioo.com","isPartOf":{"@id":"https:\/\/sonioo.com\/en\/#website"},"primaryImageOfPage":{"@id":"https:\/\/sonioo.com\/en\/product\/braun-citrusquick-5-cj-5050-direct-citrus-juicer-drip-proof-spout-automatic-start-stop-easy-to-clean-direct-service-system-with-protective-cover-60-w-black\/#primaryimage"},"image":{"@id":"https:\/\/sonioo.com\/en\/product\/braun-citrusquick-5-cj-5050-direct-citrus-juicer-drip-proof-spout-automatic-start-stop-easy-to-clean-direct-service-system-with-protective-cover-60-w-black\/#primaryimage"},"thumbnailUrl":"https:\/\/sonioo.com\/wp-content\/uploads\/2025\/11\/\u062a\u0635\u0645\u064a\u0645-\u0628\u062f\u0648\u0646-\u0639\u0646\u0648\u0627\u0646-56.png","datePublished":"2025-11-18T15:33:05+00:00","dateModified":"2025-11-18T15:35:41+00:00","breadcrumb":{"@id":"https:\/\/sonioo.com\/en\/product\/braun-citrusquick-5-cj-5050-direct-citrus-juicer-drip-proof-spout-automatic-start-stop-easy-to-clean-direct-service-system-with-protective-cover-60-w-black\/#breadcrumb"},"inLanguage":"en-US","potentialAction":[{"@type":"ReadAction","target":["https:\/\/sonioo.com\/en\/product\/braun-citrusquick-5-cj-5050-direct-citrus-juicer-drip-proof-spout-automatic-start-stop-easy-to-clean-direct-service-system-with-protective-cover-60-w-black\/"]}]},{"@type":"ImageObject","inLanguage":"en-US","@id":"https:\/\/sonioo.com\/en\/product\/braun-citrusquick-5-cj-5050-direct-citrus-juicer-drip-proof-spout-automatic-start-stop-easy-to-clean-direct-service-system-with-protective-cover-60-w-black\/#primaryimage","url":"https:\/\/sonioo.com\/wp-content\/uploads\/2025\/11\/\u062a\u0635\u0645\u064a\u0645-\u0628\u062f\u0648\u0646-\u0639\u0646\u0648\u0627\u0646-56.png","contentUrl":"https:\/\/sonioo.com\/wp-content\/uploads\/2025\/11\/\u062a\u0635\u0645\u064a\u0645-\u0628\u062f\u0648\u0646-\u0639\u0646\u0648\u0627\u0646-56.png","width":1500,"height":1500},{"@type":"BreadcrumbList","@id":"https:\/\/sonioo.com\/en\/product\/braun-citrusquick-5-cj-5050-direct-citrus-juicer-drip-proof-spout-automatic-start-stop-easy-to-clean-direct-service-system-with-protective-cover-60-w-black\/#breadcrumb","itemListElement":[{"@type":"ListItem","position":1,"name":"Home","item":"https:\/\/sonioo.com\/en\/"},{"@type":"ListItem","position":2,"name":"Shop all","item":"https:\/\/sonioo.com\/en\/shop-2\/"},{"@type":"ListItem","position":3,"name":"Braun CitrusQuick 5 CJ 5050, Direct Citrus Juicer, Drip-Proof Spout, Automatic Start\/Stop, Easy to Clean, Direct Service System, with Protective Cover, 60 W, Black"}]},{"@type":"WebSite","@id":"https:\/\/sonioo.com\/en\/#website","url":"https:\/\/sonioo.com\/en\/","name":"sonioo.com","description":"\u0643\u0644 \u0627\u0644\u0644\u064a \u0645\u062d\u062a\u0627\u062c\u0647 \u0628\u064a\u062a\u0643 \u0641\u064a \u0645\u0643\u0627\u0646 \u0648\u0627\u062d\u062f","potentialAction":[{"@type":"SearchAction","target":{"@type":"EntryPoint","urlTemplate":"https:\/\/sonioo.com\/en\/?s={search_term_string}"},"query-input":{"@type":"PropertyValueSpecification","valueRequired":true,"valueName":"search_term_string"}}],"inLanguage":"en-US"}]}},"_links":{"self":[{"href":"https:\/\/sonioo.com\/en\/wp-json\/wp\/v2\/product\/34110","targetHints":{"allow":["GET"]}}],"collection":[{"href":"https:\/\/sonioo.com\/en\/wp-json\/wp\/v2\/product"}],"about":[{"href":"https:\/\/sonioo.com\/en\/wp-json\/wp\/v2\/types\/product"}],"replies":[{"embeddable":true,"href":"https:\/\/sonioo.com\/en\/wp-json\/wp\/v2\/comments?post=34110"}],"version-history":[{"count":1,"href":"https:\/\/sonioo.com\/en\/wp-json\/wp\/v2\/product\/34110\/revisions"}],"predecessor-version":[{"id":34111,"href":"https:\/\/sonioo.com\/en\/wp-json\/wp\/v2\/product\/34110\/revisions\/34111"}],"wp:featuredmedia":[{"embeddable":true,"href":"https:\/\/sonioo.com\/en\/wp-json\/wp\/v2\/media\/34108"}],"wp:attachment":[{"href":"https:\/\/sonioo.com\/en\/wp-json\/wp\/v2\/media?parent=34110"}],"wp:term":[{"taxonomy":"product_brand","embeddable":true,"href":"https:\/\/sonioo.com\/en\/wp-json\/wp\/v2\/product_brand?post=34110"},{"taxonomy":"product_cat","embeddable":true,"href":"https:\/\/sonioo.com\/en\/wp-json\/wp\/v2\/product_cat?post=34110"},{"taxonomy":"product_tag","embeddable":true,"href":"https:\/\/sonioo.com\/en\/wp-json\/wp\/v2\/product_tag?post=34110"}],"curies":[{"name":"wp","href":"https:\/\/api.w.org\/{rel}","templated":true}]}}